{"id":110861,"date":"2022-03-21T16:19:33","date_gmt":"2022-03-21T20:19:33","guid":{"rendered":"https:\/\/latinbusinesstoday.com\/quienes-somos\/"},"modified":"2024-10-17T09:40:35","modified_gmt":"2024-10-17T13:40:35","slug":"quienes-somos","status":"publish","type":"page","link":"https:\/\/latinbusinesstoday.com\/es\/quienes-somos\/","title":{"rendered":"Qui\u00e9nes Somos"},"content":{"rendered":"\n<h2 class=\"wp-block-heading\"><strong>Nuestra Misi\u00f3n<\/strong><\/h2>\n\n<p>El objetivo principal de Latin Business Today es impulsar el \u00e9xito de los empresarios hispanos, ofreciendo informaci\u00f3n y consejos para abordar los mayores desaf\u00edos con soluciones reales.  Logramos este objetivo con nuestro equipo de ejecutivos, equipo que destaca las mejores y m\u00e1s brillantes mentes de la industria, con m\u00e1s de 200 mentores ejemplares, y con un consejo asesor cuyos miembros son de renombre a nivel nacional.  En conjunto nuestros expertos ofrecen soluciones efectivas y pr\u00e1cticas para el cambiante mercado actual, todo con un matiz latino.<\/p>\n\n<h2 class=\"wp-block-heading\"><strong>Nuestros Expertos<\/strong><\/h2>\n\n<p>Latin Business Today publica contenido sobre el contexto legal, de negocios, de m\u00e1rketing, y de innovaci\u00f3n, as\u00ed como sobre la cultura latina cubriendo gastronom\u00eda, moda, m\u00fasica, y deporte, desde la perspectiva de qu\u00e9 lecciones de negocios podemos aprender de los empresarios que operan en estos campos.&#13;\nLos asesores de Latin Business Today cuentan con experiencia, credenciales, y trayectoria en diversas disciplinas empresariales, y de tal forma ofrecen consejos informativos para permitir que los propietarios de peque\u00f1as empresas crezcan y que las empresas emergentes obtengan una base s\u00f3lida para crecer.  Nuestros expertos se involucran virtualmente y en persona a trav\u00e9s de las multi-plataformas de Latin Biz Today, para capturar y entregar informaci\u00f3n y formular las estrategias mejores y m\u00e1s actualizadas.<\/p>\n\n<p>Los asesores de Latin Business Today cuentan con experiencia, credenciales, y trayectoria en diversas disciplinas empresariales, y de tal forma ofrecen consejos informativos para permitir que los propietarios de peque\u00f1as empresas crezcan y que las empresas emergentes obtengan una base s\u00f3lida para crecer.  Nuestros expertos se involucran virtualmente y en persona a trav\u00e9s de las multi-plataformas de Latin Biz Today, para capturar y entregar informaci\u00f3n y formular las estrategias mejores y m\u00e1s actualizadas.<\/p>\n\n<h2 class=\"wp-block-heading\"><strong>Cuota Mental<\/strong><\/h2>\n\n<p>Los expertos de Latin Business Today han creado un recurso de contenido extenso, de m\u00e1s de 3,000 piezas que incluyen art\u00edculos, estudios de caso sobre peque\u00f1as empresas, seminarios web, v\u00eddeos, y podcasts.  Estos recursos online tienen su complemento a trav\u00e9s de los eventos, seminarios, y talleres que ofrece Latin Biz Today en persona.<\/p>\n\n<p><span style=\"font-weight: 400;\">Latin Business Today publica contenido sobre todas las disciplinas del campo de los negocios: m\u00e1rketing, legal, finanza, recursos humanos, gerencia, e innovaci\u00f3n.\u00a0 Adem\u00e1s de contenido sobre empresas y negocios, cubrimos temas sobre el estilo de vida latino: la cultura, la gastronom\u00eda, la moda, la m\u00fasica, y los deportes nos ofrecen lecciones que ayudan a mejorar el entorno laboral y empresarial.<\/span><\/p>\n\n<div><\/div>\n\n<h2 class=\"wp-block-heading\"><b>Peque\u00f1as Empresas con un Matiz Latino<\/b><\/h2>\n\n<p><span style=\"font-weight: 400;\">Destacamos con regularidad las contribuciones y logros de la comunidad latina.\u00a0 Latin Biz Today celebra la latinidad con contenido poco com\u00fan, muy identificable, y lleno de matices, con cobertura de:<\/span><\/p>\n\n<ul class=\"wp-block-list\">\n<li> propietarios latinos de peque\u00f1as empresas<\/li>\n\n\n\n<li> latinos inspiracionales<\/li>\n\n\n\n<li> artistas latinos (como Eddie Palmieri, Bobby Sanabria, y otros)<\/li>\n\n\n\n<li> latinos que son tendencia<\/li>\n<\/ul>\n\n<p>Nos comprometemos a brindar acceso a asesores, informaci\u00f3n, y recursos de confianza para que los propietarios de peque\u00f1as empresas y emprendedores latinos aborden con perspicacia los desaf\u00edos y las oportunidades actuales, independientemente de su sector.  En primer lugar, Latin Business Today es un foro para intercambiar ideas y colaborar.  Con nuestros recursos, los propietarios de peque\u00f1as empresas obtendr\u00e1n perspectiva y conocimientos dialogando con nosotros y a trav\u00e9s de nuestra rica oferta editorial, que incluye una amplia gama de temas relevantes y cubre los logros de figuras innovadoras y triunfadoras.<\/p>\n\n<h2 class=\"wp-block-heading\">Todo Empez\u00f3 con \u201cCoach\u201d<\/h2>\n\n<p><span style=\"font-weight: 400;\">Ponemos gran \u00e9nfasis en proporcionar lecciones para ayudar a nuestros lectores a \u201cLograr su \u00c9xito\u201d, empoderamiento inspirado por la vida y logros de Les \u201cCoach\u201d Fern\u00e1ndez, fundador y director ejecutivo de EduCage, un programa educacional alternativo realmente innovador, establecido en el condado de Westchester, en el estado de Nueva York, en los a\u00f1os 1960.\u00a0 El legado de Coach se centra en soluciones y conocimientos pr\u00e1cticos.<\/span>&#13;\n&#13;\n<span style=\"font-weight: 400;\">Este legado es la base de los cuatro pilares de Latin Business Today: Informar, Inspirar, Guiar, y Empoderar a los propietarios de negocios y otros profesionales latinos en el siglo 21.\u00a0 Nuestra meta es proveer soluciones obligantes y equilibradas para que los propietarios de peque\u00f1as empresas puedan abordar sus preocupaciones e inquietudes cotidianas y sobre el futuro.\u00a0 Nuestros asesores son expertos y comparten nuestra visi\u00f3n para la comunidad, una visi\u00f3n de prosperidad e innovaci\u00f3n para el mundo a nuestro alrededor.\u00a0 Latin Business Today evoluciona cont\u00ednuamente con el mercado y con los propietarios de peque\u00f1as empresas que dependen de nosotros.\u00a0 Agradecemos su apoyo y lo alentamos a que nos brinde sus comentarios con regularidad.<\/span><\/p>\n\n<h2 class=\"wp-block-heading\">Socios y Equipo de Liderazgo<\/h2>\n\n<p><\/p>\n  <div class=\"leadership-team team-profiles\">\n    <div class=\"row\">\n              <div class=\"col-sm-6 col-lg-4 staff\">\n          <div class=\"wraper\">\n            <div  class=\"thumbnail square\">\n              <img decoding=\"async\" width=\"300\" height=\"300\" src=\"https:\/\/latinbusinesstoday.com\/wp-content\/uploads\/2022\/12\/Andres-Bramson-1-e1670085241404.jpeg\" class=\"attachment-post-thumbnail size-post-thumbnail wp-post-image\" alt=\"Andr\u00e9s Bramson\" srcset=\"https:\/\/latinbusinesstoday.com\/wp-content\/uploads\/2022\/12\/Andres-Bramson-1-e1670085241404.jpeg 300w, https:\/\/latinbusinesstoday.com\/wp-content\/uploads\/2022\/12\/Andres-Bramson-1-e1670085241404-150x150.jpeg 150w, https:\/\/latinbusinesstoday.com\/wp-content\/uploads\/2022\/12\/Andres-Bramson-1-e1670085241404-45x45.jpeg 45w\" sizes=\"(max-width: 300px) 100vw, 300px\" \/>            <\/div>\n            <h3>Andr\u00e9s Bramson<\/h3>\n            <p class=\"job-title\">Digital Strategist, User Experience Specialist<\/p>\n            <div class=\"excerpt\"><p>Andr\u00e9s has worked on prestigious projects for more than 20 years in Branding, Publishing, Interactive and Multichannel Marketing Projects in Spanish, Portuguese and English for different countries. His experience includes &#8230;<\/p>\n<\/div>\n          <\/div>\n        <\/div>\n              <div class=\"col-sm-6 col-lg-4 staff\">\n          <div class=\"wraper\">\n            <div  class=\"thumbnail square\">\n              <img decoding=\"async\" width=\"100\" height=\"100\" src=\"https:\/\/latinbusinesstoday.com\/wp-content\/uploads\/2022\/12\/Johanna-Godinez--e1670878280578.jpeg\" class=\"attachment-post-thumbnail size-post-thumbnail wp-post-image\" alt=\"Johanna Godinez\" srcset=\"https:\/\/latinbusinesstoday.com\/wp-content\/uploads\/2022\/12\/Johanna-Godinez--e1670878280578.jpeg 100w, https:\/\/latinbusinesstoday.com\/wp-content\/uploads\/2022\/12\/Johanna-Godinez--e1670878280578-45x45.jpeg 45w\" sizes=\"(max-width: 100px) 100vw, 100px\" \/>            <\/div>\n            <h3>Johanna Godinez<\/h3>\n            <p class=\"job-title\">Partner, Business Wellness Lead<\/p>\n            <div class=\"excerpt\"><p>Human Success Development Coach and Lead YTT Faculty, Founder and Lead TrainerFounder and Lead Trainer Beyond Asana Yoga School, My purpose is to provide you tools to up-level your life &#8230;<\/p>\n<\/div>\n          <\/div>\n        <\/div>\n              <div class=\"col-sm-6 col-lg-4 staff\">\n          <div class=\"wraper\">\n            <div  class=\"thumbnail square\">\n              <img decoding=\"async\" width=\"100\" height=\"100\" src=\"https:\/\/latinbusinesstoday.com\/wp-content\/uploads\/2022\/12\/Teany-Hidalgo--e1670878429131.jpeg\" class=\"attachment-post-thumbnail size-post-thumbnail wp-post-image\" alt=\"Teany Hidalgo\" srcset=\"https:\/\/latinbusinesstoday.com\/wp-content\/uploads\/2022\/12\/Teany-Hidalgo--e1670878429131.jpeg 100w, https:\/\/latinbusinesstoday.com\/wp-content\/uploads\/2022\/12\/Teany-Hidalgo--e1670878429131-45x45.jpeg 45w\" sizes=\"(max-width: 100px) 100vw, 100px\" \/>            <\/div>\n            <h3>Teany Hidalgo<\/h3>\n            <p class=\"job-title\">Partner, Director Brand Engagement &amp; Multimedia<\/p>\n            <div class=\"excerpt\"><p>Corporate Burnout Coach, author, helping to turn burnout into high energy, purpose and abundance. Teany has trained in Tony Robbins Strategic Intervention Coaching, Purpose Coaching, Human Design and Pranic Healing. &#8230;<\/p>\n<\/div>\n          <\/div>\n        <\/div>\n              <div class=\"col-sm-6 col-lg-4 staff\">\n          <div class=\"wraper\">\n            <div  class=\"thumbnail square\">\n              <img decoding=\"async\" width=\"100\" height=\"100\" src=\"https:\/\/latinbusinesstoday.com\/wp-content\/uploads\/2022\/03\/robert_goodman-100.jpg\" class=\"attachment-post-thumbnail size-post-thumbnail wp-post-image\" alt=\"Robert Goodman\" \/>            <\/div>\n            <h3>Robert Goodman<\/h3>\n            <p class=\"job-title\">Legal Counsel &amp; Legal Editor<\/p>\n            <div class=\"excerpt\"><p>Robert serves as Latin Business Today Legal Counsel and Legal Editor for International and Domestic Commercial Law. Robert also provides general counsel services to entrepreneurs and start-up businesses.<\/p>\n<\/div>\n          <\/div>\n        <\/div>\n              <div class=\"col-sm-6 col-lg-4 staff\">\n          <div class=\"wraper\">\n            <div  class=\"thumbnail square\">\n              <img decoding=\"async\" width=\"100\" height=\"100\" src=\"https:\/\/latinbusinesstoday.com\/wp-content\/uploads\/2022\/03\/Richard-Fernandez-100.jpg\" class=\"attachment-post-thumbnail size-post-thumbnail wp-post-image\" alt=\"Richie Fernandez\" \/>            <\/div>\n            <h3>Richie Fernandez<\/h3>\n            <p class=\"job-title\">Legacy Brand Leader<\/p>\n            <div class=\"excerpt\"><p>Richie, son of Dr. Les \u201cCoach\u201d Fernandez, served as an instructor at \u201cEduCage\u201d charter school where is father Les was founder\/executive director. Richie then spent the next 20 years as &#8230;<\/p>\n<\/div>\n          <\/div>\n        <\/div>\n              <div class=\"col-sm-6 col-lg-4 staff\">\n          <div class=\"wraper\">\n            <div  class=\"thumbnail square\">\n              <img decoding=\"async\" width=\"150\" height=\"150\" src=\"https:\/\/latinbusinesstoday.com\/wp-content\/uploads\/2022\/03\/elias-mendoza.jpg\" class=\"attachment-post-thumbnail size-post-thumbnail wp-post-image\" alt=\"Elias Mendoza\" \/>            <\/div>\n            <h3>Elias Mendoza<\/h3>\n            <p class=\"job-title\">Strategy Lead, Corporate Board Member<\/p>\n            <div class=\"excerpt\"><p>Elias Mendoza is Partner &amp; Chief Operating Officer at Siris Capital Group, LLC. In addition to COO, Elias\u2019 responsibilities at Siris include identifying and evaluating trends within existing and potential &#8230;<\/p>\n<\/div>\n          <\/div>\n        <\/div>\n              <div class=\"col-sm-6 col-lg-4 staff\">\n          <div class=\"wraper\">\n            <div  class=\"thumbnail square\">\n              <img decoding=\"async\" width=\"100\" height=\"100\" src=\"https:\/\/latinbusinesstoday.com\/wp-content\/uploads\/2022\/03\/BarryM-100.jpg\" class=\"attachment-post-thumbnail size-post-thumbnail wp-post-image\" alt=\"\" \/>            <\/div>\n            <h3>Barry Mittelman<\/h3>\n            <p class=\"job-title\">Publisher<\/p>\n            <div class=\"excerpt\"><p>Barry previously worked in publishing as well as positions in communications, competitive marketing, and sales leadership at IBM, Prodigy, CMP, Cox Interactive, PGA of America, and Deloitte.<\/p>\n<\/div>\n          <\/div>\n        <\/div>\n              <div class=\"col-sm-6 col-lg-4 staff\">\n          <div class=\"wraper\">\n            <div  class=\"thumbnail square\">\n              <img decoding=\"async\" width=\"100\" height=\"100\" src=\"https:\/\/latinbusinesstoday.com\/wp-content\/uploads\/2022\/03\/tara-orchard-100.jpg\" class=\"attachment-post-thumbnail size-post-thumbnail wp-post-image\" alt=\"\" \/>            <\/div>\n            <h3>Tara Orchard<\/h3>\n            <p class=\"job-title\">Director of Strategy and Planning<\/p>\n            <div class=\"excerpt\"><p>Tara is a coach, trainer, consultant and writer who applies her insights into people. She has a Masters degree in psychology to facilitate performance improvements, relationships and communication for people &#8230;<\/p>\n<\/div>\n          <\/div>\n        <\/div>\n              <div class=\"col-sm-6 col-lg-4 staff\">\n          <div class=\"wraper\">\n            <div  class=\"thumbnail square\">\n              <img decoding=\"async\" width=\"100\" height=\"100\" src=\"https:\/\/latinbusinesstoday.com\/wp-content\/uploads\/2022\/12\/Miri-Rodriguez-Libsyn-e1670878604768.png\" class=\"attachment-post-thumbnail size-post-thumbnail wp-post-image\" alt=\"\" srcset=\"https:\/\/latinbusinesstoday.com\/wp-content\/uploads\/2022\/12\/Miri-Rodriguez-Libsyn-e1670878604768.png 100w, https:\/\/latinbusinesstoday.com\/wp-content\/uploads\/2022\/12\/Miri-Rodriguez-Libsyn-e1670878604768-45x45.png 45w\" sizes=\"(max-width: 100px) 100vw, 100px\" \/>            <\/div>\n            <h3>Miri Rodriguez<\/h3>\n            <p class=\"job-title\">Partner, Chief Storyteller &amp; Creative Officer <\/p>\n            <div class=\"excerpt\"><p>Mindfulness and meditation advocate, author: Brand Storytelling, Storyteller at Microsoft, wife, mom, speaker, volunteer. Award-winning professional with career history of leading Communications, Marketing and Business Operations Programs. High standards + &#8230;<\/p>\n<\/div>\n          <\/div>\n        <\/div>\n              <div class=\"col-sm-6 col-lg-4 staff\">\n          <div class=\"wraper\">\n            <div  class=\"thumbnail square\">\n              <img decoding=\"async\" width=\"100\" height=\"100\" src=\"https:\/\/latinbusinesstoday.com\/wp-content\/uploads\/2022\/03\/tina_trevino_100.jpg\" class=\"attachment-post-thumbnail size-post-thumbnail wp-post-image\" alt=\"\" \/>            <\/div>\n            <h3>Tina Trevino<\/h3>\n            <p class=\"job-title\">Director of Community Relations<\/p>\n            <div class=\"excerpt\"><p>Tina is also the President of Tocaya brand clothing line, formerly Senior Design Director of KBL Group Intl. Ltd. in NYC, managing the large creative design team. As an industry &#8230;<\/p>\n<\/div>\n          <\/div>\n        <\/div>\n              <div class=\"col-sm-6 col-lg-4 staff\">\n          <div class=\"wraper\">\n            <div  class=\"thumbnail square\">\n              <img decoding=\"async\" width=\"100\" height=\"100\" src=\"https:\/\/latinbusinesstoday.com\/wp-content\/uploads\/2022\/04\/fernando-valenzuela-400.jpg\" class=\"attachment-post-thumbnail size-post-thumbnail wp-post-image\" alt=\"Fernando Valenzuela\" \/>            <\/div>\n            <h3>Fernando Valenzuela<\/h3>\n            <p class=\"job-title\">Ed Tech, Partner, VP, Business Development &amp; EdTech Strategy<\/p>\n            <div class=\"excerpt\"><p>Fernando is currently head of Aspen Institute education program in Mexico and Partner at Global Impact Edtech Alliance. He was formerly President McGraw-Hill Education, Latin America. He is a recognized senior executive, entrepreneur, speaker and board level leader with international background. He has founded and led successful enterprises in Latin America for over 25 years. Fernando hails from Mexico City.<\/p>\n<\/div>\n          <\/div>\n        <\/div>\n          <\/div>\n  <\/div>\n\n","protected":false},"excerpt":{"rendered":"<p>Nuestra Misi\u00f3n El objetivo principal de Latin Business Today es impulsar el \u00e9xito de los empresarios hispanos, ofreciendo informaci\u00f3n y consejos para abordar los mayores desaf\u00edos con soluciones reales. Logramos &#8230;<\/p>\n","protected":false},"author":1,"featured_media":0,"parent":0,"menu_order":0,"comment_status":"closed","ping_status":"closed","template":"template-right-sidebar.php","meta":{"_acf_changed":false,"om_disable_all_campaigns":false,"inline_featured_image":false,"footnotes":""},"class_list":["post-110861","page","type-page","status-publish","hentry"],"acf":[],"yoast_head":"<!-- This site is optimized with the Yoast SEO plugin v27.2 - https:\/\/yoast.com\/product\/yoast-seo-wordpress\/ -->\n<title>Qui\u00e9nes Somos - Latin Business Hoy<\/title>\n<meta name=\"robots\" content=\"index, follow, max-snippet:-1, max-image-preview:large, max-video-preview:-1\" \/>\n<link rel=\"canonical\" href=\"https:\/\/latinbusinesstoday.com\/es\/quienes-somos\/\" \/>\n<meta property=\"og:locale\" content=\"es_ES\" \/>\n<meta property=\"og:type\" content=\"article\" \/>\n<meta property=\"og:title\" content=\"Qui\u00e9nes Somos - Latin Business Hoy\" \/>\n<meta property=\"og:description\" content=\"Nuestra Misi\u00f3n El objetivo principal de Latin Business Today es impulsar el \u00e9xito de los empresarios hispanos, ofreciendo informaci\u00f3n y consejos para abordar los mayores desaf\u00edos con soluciones reales. Logramos ...\" \/>\n<meta property=\"og:url\" content=\"https:\/\/latinbusinesstoday.com\/es\/quienes-somos\/\" \/>\n<meta property=\"og:site_name\" content=\"Latin Business Hoy\" \/>\n<meta property=\"article:publisher\" content=\"https:\/\/www.facebook.com\/LatinBusinessToday\" \/>\n<meta property=\"article:modified_time\" content=\"2024-10-17T13:40:35+00:00\" \/>\n<meta property=\"og:image\" content=\"https:\/\/latinbusinesstoday.com\/wp-content\/uploads\/2022\/04\/LBT-icon-cetegories.png\" \/>\n\t<meta property=\"og:image:width\" content=\"143\" \/>\n\t<meta property=\"og:image:height\" content=\"120\" \/>\n\t<meta property=\"og:image:type\" content=\"image\/png\" \/>\n<meta name=\"twitter:card\" content=\"summary_large_image\" \/>\n<meta name=\"twitter:site\" content=\"@latinbiztoday\" \/>\n<meta name=\"twitter:label1\" content=\"Tiempo de lectura\" \/>\n\t<meta name=\"twitter:data1\" content=\"4 minutos\" \/>\n<script type=\"application\/ld+json\" class=\"yoast-schema-graph\">{\"@context\":\"https:\/\/schema.org\",\"@graph\":[{\"@type\":\"WebPage\",\"@id\":\"https:\/\/latinbusinesstoday.com\/es\/quienes-somos\/\",\"url\":\"https:\/\/latinbusinesstoday.com\/es\/quienes-somos\/\",\"name\":\"Qui\u00e9nes Somos - Latin Business Hoy\",\"isPartOf\":{\"@id\":\"https:\/\/latinbusinesstoday.com\/es\/#website\"},\"datePublished\":\"2022-03-21T20:19:33+00:00\",\"dateModified\":\"2024-10-17T13:40:35+00:00\",\"breadcrumb\":{\"@id\":\"https:\/\/latinbusinesstoday.com\/es\/quienes-somos\/#breadcrumb\"},\"inLanguage\":\"es\",\"potentialAction\":[{\"@type\":\"ReadAction\",\"target\":[\"https:\/\/latinbusinesstoday.com\/es\/quienes-somos\/\"]}]},{\"@type\":\"BreadcrumbList\",\"@id\":\"https:\/\/latinbusinesstoday.com\/es\/quienes-somos\/#breadcrumb\",\"itemListElement\":[{\"@type\":\"ListItem\",\"position\":1,\"name\":\"P\u00e1gina Principal\",\"item\":\"https:\/\/latinbusinesstoday.com\/es\/\"},{\"@type\":\"ListItem\",\"position\":2,\"name\":\"Qui\u00e9nes Somos\"}]},{\"@type\":\"WebSite\",\"@id\":\"https:\/\/latinbusinesstoday.com\/es\/#website\",\"url\":\"https:\/\/latinbusinesstoday.com\/es\/\",\"name\":\"Latin Business Hoy\",\"description\":\"Red de Negocios Hispanos\",\"publisher\":{\"@id\":\"https:\/\/latinbusinesstoday.com\/es\/#organization\"},\"potentialAction\":[{\"@type\":\"SearchAction\",\"target\":{\"@type\":\"EntryPoint\",\"urlTemplate\":\"https:\/\/latinbusinesstoday.com\/es\/?s={search_term_string}\"},\"query-input\":{\"@type\":\"PropertyValueSpecification\",\"valueRequired\":true,\"valueName\":\"search_term_string\"}}],\"inLanguage\":\"es\"},{\"@type\":\"Organization\",\"@id\":\"https:\/\/latinbusinesstoday.com\/es\/#organization\",\"name\":\"Latin Business Hoy\",\"url\":\"https:\/\/latinbusinesstoday.com\/es\/\",\"logo\":{\"@type\":\"ImageObject\",\"inLanguage\":\"es\",\"@id\":\"https:\/\/latinbusinesstoday.com\/es\/#\/schema\/logo\/image\/\",\"url\":\"https:\/\/latinbusinesstoday.com\/wp-content\/uploads\/2022\/04\/LBT-main-logo-menu-300.png\",\"contentUrl\":\"https:\/\/latinbusinesstoday.com\/wp-content\/uploads\/2022\/04\/LBT-main-logo-menu-300.png\",\"width\":300,\"height\":160,\"caption\":\"Latin Business Hoy\"},\"image\":{\"@id\":\"https:\/\/latinbusinesstoday.com\/es\/#\/schema\/logo\/image\/\"},\"sameAs\":[\"https:\/\/www.facebook.com\/LatinBusinessToday\",\"https:\/\/x.com\/latinbiztoday\",\"https:\/\/instagram.com\/latinbusinesstoday\",\"https:\/\/www.linkedin.com\/company\/2364132\/\"]}]}<\/script>\n<!-- \/ Yoast SEO plugin. -->","yoast_head_json":{"title":"Qui\u00e9nes Somos - Latin Business Hoy","robots":{"index":"index","follow":"follow","max-snippet":"max-snippet:-1","max-image-preview":"max-image-preview:large","max-video-preview":"max-video-preview:-1"},"canonical":"https:\/\/latinbusinesstoday.com\/es\/quienes-somos\/","og_locale":"es_ES","og_type":"article","og_title":"Qui\u00e9nes Somos - Latin Business Hoy","og_description":"Nuestra Misi\u00f3n El objetivo principal de Latin Business Today es impulsar el \u00e9xito de los empresarios hispanos, ofreciendo informaci\u00f3n y consejos para abordar los mayores desaf\u00edos con soluciones reales. Logramos ...","og_url":"https:\/\/latinbusinesstoday.com\/es\/quienes-somos\/","og_site_name":"Latin Business Hoy","article_publisher":"https:\/\/www.facebook.com\/LatinBusinessToday","article_modified_time":"2024-10-17T13:40:35+00:00","og_image":[{"width":143,"height":120,"url":"https:\/\/latinbusinesstoday.com\/wp-content\/uploads\/2022\/04\/LBT-icon-cetegories.png","type":"image\/png"}],"twitter_card":"summary_large_image","twitter_site":"@latinbiztoday","twitter_misc":{"Tiempo de lectura":"4 minutos"},"schema":{"@context":"https:\/\/schema.org","@graph":[{"@type":"WebPage","@id":"https:\/\/latinbusinesstoday.com\/es\/quienes-somos\/","url":"https:\/\/latinbusinesstoday.com\/es\/quienes-somos\/","name":"Qui\u00e9nes Somos - Latin Business Hoy","isPartOf":{"@id":"https:\/\/latinbusinesstoday.com\/es\/#website"},"datePublished":"2022-03-21T20:19:33+00:00","dateModified":"2024-10-17T13:40:35+00:00","breadcrumb":{"@id":"https:\/\/latinbusinesstoday.com\/es\/quienes-somos\/#breadcrumb"},"inLanguage":"es","potentialAction":[{"@type":"ReadAction","target":["https:\/\/latinbusinesstoday.com\/es\/quienes-somos\/"]}]},{"@type":"BreadcrumbList","@id":"https:\/\/latinbusinesstoday.com\/es\/quienes-somos\/#breadcrumb","itemListElement":[{"@type":"ListItem","position":1,"name":"P\u00e1gina Principal","item":"https:\/\/latinbusinesstoday.com\/es\/"},{"@type":"ListItem","position":2,"name":"Qui\u00e9nes Somos"}]},{"@type":"WebSite","@id":"https:\/\/latinbusinesstoday.com\/es\/#website","url":"https:\/\/latinbusinesstoday.com\/es\/","name":"Latin Business Hoy","description":"Red de Negocios Hispanos","publisher":{"@id":"https:\/\/latinbusinesstoday.com\/es\/#organization"},"potentialAction":[{"@type":"SearchAction","target":{"@type":"EntryPoint","urlTemplate":"https:\/\/latinbusinesstoday.com\/es\/?s={search_term_string}"},"query-input":{"@type":"PropertyValueSpecification","valueRequired":true,"valueName":"search_term_string"}}],"inLanguage":"es"},{"@type":"Organization","@id":"https:\/\/latinbusinesstoday.com\/es\/#organization","name":"Latin Business Hoy","url":"https:\/\/latinbusinesstoday.com\/es\/","logo":{"@type":"ImageObject","inLanguage":"es","@id":"https:\/\/latinbusinesstoday.com\/es\/#\/schema\/logo\/image\/","url":"https:\/\/latinbusinesstoday.com\/wp-content\/uploads\/2022\/04\/LBT-main-logo-menu-300.png","contentUrl":"https:\/\/latinbusinesstoday.com\/wp-content\/uploads\/2022\/04\/LBT-main-logo-menu-300.png","width":300,"height":160,"caption":"Latin Business Hoy"},"image":{"@id":"https:\/\/latinbusinesstoday.com\/es\/#\/schema\/logo\/image\/"},"sameAs":["https:\/\/www.facebook.com\/LatinBusinessToday","https:\/\/x.com\/latinbiztoday","https:\/\/instagram.com\/latinbusinesstoday","https:\/\/www.linkedin.com\/company\/2364132\/"]}]}},"_links":{"self":[{"href":"https:\/\/latinbusinesstoday.com\/es\/wp-json\/wp\/v2\/pages\/110861","targetHints":{"allow":["GET"]}}],"collection":[{"href":"https:\/\/latinbusinesstoday.com\/es\/wp-json\/wp\/v2\/pages"}],"about":[{"href":"https:\/\/latinbusinesstoday.com\/es\/wp-json\/wp\/v2\/types\/page"}],"author":[{"embeddable":true,"href":"https:\/\/latinbusinesstoday.com\/es\/wp-json\/wp\/v2\/users\/1"}],"replies":[{"embeddable":true,"href":"https:\/\/latinbusinesstoday.com\/es\/wp-json\/wp\/v2\/comments?post=110861"}],"version-history":[{"count":3,"href":"https:\/\/latinbusinesstoday.com\/es\/wp-json\/wp\/v2\/pages\/110861\/revisions"}],"predecessor-version":[{"id":110864,"href":"https:\/\/latinbusinesstoday.com\/es\/wp-json\/wp\/v2\/pages\/110861\/revisions\/110864"}],"wp:attachment":[{"href":"https:\/\/latinbusinesstoday.com\/es\/wp-json\/wp\/v2\/media?parent=110861"}],"curies":[{"name":"wp","href":"https:\/\/api.w.org\/{rel}","templated":true}]}}